{"id":185,"date":"2019-12-22T07:40:16","date_gmt":"2019-12-22T07:40:16","guid":{"rendered":"http:\/\/nilusteel.fr\/?page_id=185"},"modified":"2025-12-16T14:51:54","modified_gmt":"2025-12-16T14:51:54","slug":"steel","status":"publish","type":"page","link":"https:\/\/nilusteel.fr\/fr\/products\/steel\/","title":{"rendered":"T\u00f4les d'acier \u00e9lectriques"},"content":{"rendered":"<div data-elementor-type=\"wp-page\" data-elementor-id=\"185\" class=\"elementor elementor-185\">\n\t\t\t\t\t\t<div class=\"elementor-inner\">\n\t\t\t\t<div class=\"elementor-section-wrap\">\n\t\t\t\t\t\t\t\t\t<section class=\"elementor-section elementor-top-section elementor-element elementor-element-e215d47 elementor-section-height-min-height elementor-section-boxed elementor-section-height-default elementor-section-items-middle\" data-id=\"e215d47\" data-element_type=\"section\" data-settings=\"{&quot;background_background&quot;:&quot;classic&quot;,&quot;shape_divider_bottom&quot;:&quot;triangle&quot;,&quot;ekit_has_onepagescroll_dot&quot;:&quot;yes&quot;}\">\n\t\t\t\t\t\t\t<div class=\"elementor-background-overlay\"><\/div>\n\t\t\t\t\t\t<div class=\"elementor-shape elementor-shape-bottom\" data-negative=\"false\">\n\t\t\t<svg xmlns=\"http:\/\/www.w3.org\/2000\/svg\" viewbox=\"0 0 1000 100\" preserveaspectratio=\"none\">\n\t<path class=\"elementor-shape-fill\" d=\"M500,98.9L0,6.1V0h1000v6.1L500,98.9z\"\/>\n<\/svg>\t\t<\/div>\n\t\t\t\t\t<div class=\"elementor-container elementor-column-gap-default\">\n\t\t\t\t\t\t\t<div class=\"elementor-row\">\n\t\t\t\t\t<div class=\"elementor-column elementor-col-100 elementor-top-column elementor-element elementor-element-693bee63\" data-id=\"693bee63\" data-element_type=\"column\">\n\t\t\t<div class=\"elementor-column-wrap elementor-element-populated\">\n\t\t\t\t\t\t\t<div class=\"elementor-widget-wrap\">\n\t\t\t\t\t\t<div class=\"elementor-element elementor-element-448d57a4 elementor-widget elementor-widget-heading\" data-id=\"448d57a4\" data-element_type=\"widget\" data-settings=\"{&quot;ekit_we_effect_on&quot;:&quot;none&quot;}\" data-widget_type=\"heading.default\">\n\t\t\t\t<div class=\"elementor-widget-container\">\n\t\t\t<h1 class=\"elementor-heading-title elementor-size-default\">T\u00f4les d'acier \u00e9lectriques<\/h1>\t\t<\/div>\n\t\t\t\t<\/div>\n\t\t\t\t\t\t<\/div>\n\t\t\t\t\t<\/div>\n\t\t<\/div>\n\t\t\t\t\t\t\t\t<\/div>\n\t\t\t\t\t<\/div>\n\t\t<\/section>\n\t\t\t\t<section class=\"elementor-section elementor-top-section elementor-element elementor-element-69d62f67 elementor-section-boxed elementor-section-height-default elementor-section-height-default\" data-id=\"69d62f67\" data-element_type=\"section\" data-settings=\"{&quot;ekit_has_onepagescroll_dot&quot;:&quot;yes&quot;}\">\n\t\t\t\t\t\t<div class=\"elementor-container elementor-column-gap-wider\">\n\t\t\t\t\t\t\t<div class=\"elementor-row\">\n\t\t\t\t\t<div class=\"elementor-column elementor-col-33 elementor-top-column elementor-element elementor-element-4d0345f2\" data-id=\"4d0345f2\" data-element_type=\"column\">\n\t\t\t<div class=\"elementor-column-wrap\">\n\t\t\t\t\t\t\t<div class=\"elementor-widget-wrap\">\n\t\t\t\t\t\t\t\t<\/div>\n\t\t\t\t\t<\/div>\n\t\t<\/div>\n\t\t\t\t<div class=\"elementor-column elementor-col-33 elementor-top-column elementor-element elementor-element-fb12d30\" data-id=\"fb12d30\" data-element_type=\"column\">\n\t\t\t<div class=\"elementor-column-wrap elementor-element-populated\">\n\t\t\t\t\t\t\t<div class=\"elementor-widget-wrap\">\n\t\t\t\t\t\t<div class=\"elementor-element elementor-element-4045124a elementor-widget elementor-widget-heading\" data-id=\"4045124a\" data-element_type=\"widget\" data-settings=\"{&quot;ekit_we_effect_on&quot;:&quot;none&quot;}\" data-widget_type=\"heading.default\">\n\t\t\t\t<div class=\"elementor-widget-container\">\n\t\t\t<h2 class=\"elementor-heading-title elementor-size-default\">acier<\/h2>\t\t<\/div>\n\t\t\t\t<\/div>\n\t\t\t\t<div class=\"elementor-element elementor-element-4f77a185 elementor-widget elementor-widget-text-editor\" data-id=\"4f77a185\" data-element_type=\"widget\" data-settings=\"{&quot;ekit_we_effect_on&quot;:&quot;none&quot;}\" data-widget_type=\"text-editor.default\">\n\t\t\t\t<div class=\"elementor-widget-container\">\n\t\t\t\t\t\t\t\t<div class=\"elementor-text-editor elementor-clearfix\">\n\t\t\t\t<p>La gamme de produits du catalogue NiluSteel est constamment \u00e9largie et revue pour anticiper les besoins de nos partenaires. Nos produits soutiennent le d\u00e9veloppement de nouveaux march\u00e9s et peuvent \u00eatre adapt\u00e9s ou d\u00e9velopp\u00e9s pour r\u00e9pondre \u00e0 des exigences nouvelles ou particuli\u00e8res.<\/p>\t\t\t\t\t<\/div>\n\t\t\t\t\t\t<\/div>\n\t\t\t\t<\/div>\n\t\t\t\t\t\t<\/div>\n\t\t\t\t\t<\/div>\n\t\t<\/div>\n\t\t\t\t<div class=\"elementor-column elementor-col-33 elementor-top-column elementor-element elementor-element-6ae5b702\" data-id=\"6ae5b702\" data-element_type=\"column\">\n\t\t\t<div class=\"elementor-column-wrap\">\n\t\t\t\t\t\t\t<div class=\"elementor-widget-wrap\">\n\t\t\t\t\t\t\t\t<\/div>\n\t\t\t\t\t<\/div>\n\t\t<\/div>\n\t\t\t\t\t\t\t\t<\/div>\n\t\t\t\t\t<\/div>\n\t\t<\/section>\n\t\t\t\t<section class=\"elementor-section elementor-top-section elementor-element elementor-element-a7b8972 elementor-section-boxed elementor-section-height-default elementor-section-height-default\" data-id=\"a7b8972\" data-element_type=\"section\" data-settings=\"{&quot;background_background&quot;:&quot;classic&quot;,&quot;ekit_has_onepagescroll_dot&quot;:&quot;yes&quot;}\">\n\t\t\t\t\t\t<div class=\"elementor-container elementor-column-gap-default\">\n\t\t\t\t\t\t\t<div class=\"elementor-row\">\n\t\t\t\t\t<div class=\"elementor-column elementor-col-33 elementor-top-column elementor-element elementor-element-d55520f\" data-id=\"d55520f\" data-element_type=\"column\">\n\t\t\t<div class=\"elementor-column-wrap elementor-element-populated\">\n\t\t\t\t\t\t\t<div class=\"elementor-widget-wrap\">\n\t\t\t\t\t\t<div class=\"elementor-element elementor-element-d68029e ekit-equal-height-disable elementor-widget elementor-widget-elementskit-image-box\" data-id=\"d68029e\" data-element_type=\"widget\" data-settings=\"{&quot;ekit_we_effect_on&quot;:&quot;none&quot;}\" data-widget_type=\"elementskit-image-box.default\">\n\t\t\t\t<div class=\"elementor-widget-container\">\n\t\t\t<div class=\"ekit-wid-con\" >\n            <div class=\"elementskit-info-image-box ekit-image-box text-center style-sideline\" >\n\n                <a href=\"https:\/\/nilusteel.fr\/fr\/products\/steel\/grain-oriented-electrical-steel-sheets\/\">\n                <div class=\"elementskit-box-header image-box-img-center\">\n\n                    <img decoding=\"async\" src=\"https:\/\/nilusteel.fr\/wp-content\/uploads\/elementor\/thumbs\/CRC-oj7z5e7txady4iarjkhisymfjjqjc2gffstftrqce0.jpg\" title=\"CRC\" alt=\"CRC\" \/>\n                <\/div>\n                <\/a>\n                <div class=\"elementskit-box-body ekit-image-box-body\">\n                    <div class=\"elementskit-box-content ekit-image-box-body-inner\">\n                                                <h3 class=\"elementskit-info-box-title\">\n\n                        \n                        <a>Grain Oriented<br>T\u00f4les d'acier \u00e9lectriques <\/a>\n                        \n                    <\/h3>\n                                                            <div class=\"elementskit-box-style-content\">\n                        The product range of the NiluSteel catalog is constantly extended and reviewed to anticipate the needs of our partners...                    <\/div>\n                                    <\/div>\n\n                                <div class=\"elementskit-box-footer\">\n                    <div class=\"box-footer\">\n                        <div class=\"btn-wraper\">\n                                                            <a href=\"https:\/\/nilusteel.fr\/fr\/products\/steel\/grain-oriented-electrical-steel-sheets\/\" class=\"elementskit-btn whitespace--normal\">\n                                    \n                                    <i aria-hidden=\"true\" class=\"fas fa-arrow-right\"><\/i>\n                                    voir plus                                 <\/a>\n                                                        <\/div>\n                    <\/div>\n                <\/div>\n                            <\/div>\n            <\/div>\n    <\/div>\t\t<\/div>\n\t\t\t\t<\/div>\n\t\t\t\t\t\t<\/div>\n\t\t\t\t\t<\/div>\n\t\t<\/div>\n\t\t\t\t<div class=\"elementor-column elementor-col-33 elementor-top-column elementor-element elementor-element-4fd04e4\" data-id=\"4fd04e4\" data-element_type=\"column\">\n\t\t\t<div class=\"elementor-column-wrap elementor-element-populated\">\n\t\t\t\t\t\t\t<div class=\"elementor-widget-wrap\">\n\t\t\t\t\t\t<div class=\"elementor-element elementor-element-fed7937 ekit-equal-height-disable elementor-widget elementor-widget-elementskit-image-box\" data-id=\"fed7937\" data-element_type=\"widget\" data-settings=\"{&quot;ekit_we_effect_on&quot;:&quot;none&quot;}\" data-widget_type=\"elementskit-image-box.default\">\n\t\t\t\t<div class=\"elementor-widget-container\">\n\t\t\t<div class=\"ekit-wid-con\" >\n            <div class=\"elementskit-info-image-box ekit-image-box text-center style-sideline\" >\n\n                <a href=\"https:\/\/nilusteel.fr\/fr\/products\/steel\/non-grain-oriented-electrical-steel-sheets\/\">\n                <div class=\"elementskit-box-header image-box-img-center\">\n\n                    <img decoding=\"async\" src=\"https:\/\/nilusteel.fr\/wp-content\/uploads\/elementor\/thumbs\/2-rg8uoowgvjxdyuosrn0h6o3mq61avyj1bqy27g7hh4.jpg\" title=\"2\" alt=\"2\" \/>\n                <\/div>\n                <\/a>\n                <div class=\"elementskit-box-body ekit-image-box-body\">\n                    <div class=\"elementskit-box-content ekit-image-box-body-inner\">\n                                                <h3 class=\"elementskit-info-box-title\">\n\n                        \n                        <a>Non-Grain Oriented<br> T\u00f4les d'acier \u00e9lectriques <\/a>\n                        \n                    <\/h3>\n                                                            <div class=\"elementskit-box-style-content\">\n                        It usually has 2 to 3.5% silicon and has similar magnetic properties in all directions in the sheet. This type of sheet is mainly ....                    <\/div>\n                                    <\/div>\n\n                                <div class=\"elementskit-box-footer\">\n                    <div class=\"box-footer\">\n                        <div class=\"btn-wraper\">\n                                                            <a href=\"https:\/\/nilusteel.fr\/fr\/products\/steel\/non-grain-oriented-electrical-steel-sheets\/\" class=\"elementskit-btn whitespace--normal\">\n                                    \n                                    <i aria-hidden=\"true\" class=\"fas fa-arrow-right\"><\/i>\n                                    voir plus                                 <\/a>\n                                                        <\/div>\n                    <\/div>\n                <\/div>\n                            <\/div>\n            <\/div>\n    <\/div>\t\t<\/div>\n\t\t\t\t<\/div>\n\t\t\t\t\t\t<\/div>\n\t\t\t\t\t<\/div>\n\t\t<\/div>\n\t\t\t\t<div class=\"elementor-column elementor-col-33 elementor-top-column elementor-element elementor-element-c13951d\" data-id=\"c13951d\" data-element_type=\"column\">\n\t\t\t<div class=\"elementor-column-wrap elementor-element-populated\">\n\t\t\t\t\t\t\t<div class=\"elementor-widget-wrap\">\n\t\t\t\t\t\t<div class=\"elementor-element elementor-element-0b9999d ekit-equal-height-disable elementor-widget elementor-widget-elementskit-image-box\" data-id=\"0b9999d\" data-element_type=\"widget\" data-settings=\"{&quot;ekit_we_effect_on&quot;:&quot;none&quot;}\" data-widget_type=\"elementskit-image-box.default\">\n\t\t\t\t<div class=\"elementor-widget-container\">\n\t\t\t<div class=\"ekit-wid-con\" >\n            <div class=\"elementskit-info-image-box ekit-image-box text-center style-sideline\" >\n\n                <a href=\"https:\/\/nilusteel.fr\/fr\/products\/steel\/cold-rolled-steel-sheets\/\">\n                <div class=\"elementskit-box-header image-box-img-center\">\n\n                    <img decoding=\"async\" src=\"https:\/\/nilusteel.fr\/wp-content\/uploads\/elementor\/thumbs\/Product-02-01-pxavvf43f4lp2tyypbf8o5kl1dhs8shnno1d7a2c6w.jpg\" title=\"Product-02-01\" alt=\"Product-02-01\" \/>\n                <\/div>\n                <\/a>\n                <div class=\"elementskit-box-body ekit-image-box-body\">\n                    <div class=\"elementskit-box-content ekit-image-box-body-inner\">\n                                                <h3 class=\"elementskit-info-box-title\">\n\n                        \n                        <a>Cold Rolled<br> Steel Sheets <\/a>\n                        \n                    <\/h3>\n                                                            <div class=\"elementskit-box-style-content\">\n                        Cold rolled coils products have been available to customers for many years and are successfully used in various fields...                    <\/div>\n                                    <\/div>\n\n                                <div class=\"elementskit-box-footer\">\n                    <div class=\"box-footer\">\n                        <div class=\"btn-wraper\">\n                                                            <a href=\"https:\/\/nilusteel.fr\/fr\/products\/steel\/cold-rolled-steel-sheets\/\" class=\"elementskit-btn whitespace--normal\">\n                                    \n                                    <i aria-hidden=\"true\" class=\"fas fa-arrow-right\"><\/i>\n                                    voir plus                                 <\/a>\n                                                        <\/div>\n                    <\/div>\n                <\/div>\n                            <\/div>\n            <\/div>\n    <\/div>\t\t<\/div>\n\t\t\t\t<\/div>\n\t\t\t\t\t\t<\/div>\n\t\t\t\t\t<\/div>\n\t\t<\/div>\n\t\t\t\t\t\t\t\t<\/div>\n\t\t\t\t\t<\/div>\n\t\t<\/section>\n\t\t\t\t\t\t\t\t\t<\/div>\n\t\t\t<\/div>\n\t\t\t\t\t<\/div>","protected":false},"excerpt":{"rendered":"<p>Electrical Steel Sheets Steel The product range of the NiluSteel catalog is constantly extended and reviewed to anticipate the needs of our partners. Our products support the development of new markets and can be tailored or developed to meet new or special requirements. Grain OrientedElectrical Steel sheets The product range of the NiluSteel catalog is [&hellip;]<\/p>","protected":false},"author":1,"featured_media":714,"parent":64,"menu_order":0,"comment_status":"closed","ping_status":"closed","template":"","meta":[],"yst_prominent_words":[11,6,12],"_links":{"self":[{"href":"https:\/\/nilusteel.fr\/fr\/wp-json\/wp\/v2\/pages\/185"}],"collection":[{"href":"https:\/\/nilusteel.fr\/fr\/wp-json\/wp\/v2\/pages"}],"about":[{"href":"https:\/\/nilusteel.fr\/fr\/wp-json\/wp\/v2\/types\/page"}],"author":[{"embeddable":true,"href":"https:\/\/nilusteel.fr\/fr\/wp-json\/wp\/v2\/users\/1"}],"replies":[{"embeddable":true,"href":"https:\/\/nilusteel.fr\/fr\/wp-json\/wp\/v2\/comments?post=185"}],"version-history":[{"count":46,"href":"https:\/\/nilusteel.fr\/fr\/wp-json\/wp\/v2\/pages\/185\/revisions"}],"predecessor-version":[{"id":1496,"href":"https:\/\/nilusteel.fr\/fr\/wp-json\/wp\/v2\/pages\/185\/revisions\/1496"}],"up":[{"embeddable":true,"href":"https:\/\/nilusteel.fr\/fr\/wp-json\/wp\/v2\/pages\/64"}],"wp:featuredmedia":[{"embeddable":true,"href":"https:\/\/nilusteel.fr\/fr\/wp-json\/wp\/v2\/media\/714"}],"wp:attachment":[{"href":"https:\/\/nilusteel.fr\/fr\/wp-json\/wp\/v2\/media?parent=185"}],"wp:term":[{"taxonomy":"yst_prominent_words","embeddable":true,"href":"https:\/\/nilusteel.fr\/fr\/wp-json\/wp\/v2\/yst_prominent_words?post=185"}],"curies":[{"name":"wp","href":"https:\/\/api.w.org\/{rel}","templated":true}]}}